{"id":14,"date":"2022-12-28T17:15:54","date_gmt":"2022-12-28T17:15:54","guid":{"rendered":"https:\/\/sao.local\/?page_id=14"},"modified":"2026-03-18T15:33:33","modified_gmt":"2026-03-18T18:33:33","slug":"escritorios","status":"publish","type":"page","link":"https:\/\/saobrasil.com.br\/en\/escritorios\/","title":{"rendered":"Escrit\u00f3rios"},"content":{"rendered":"","protected":false},"excerpt":{"rendered":"","protected":false},"author":1,"featured_media":0,"parent":0,"menu_order":0,"comment_status":"closed","ping_status":"closed","template":"","meta":{"_acf_changed":false,"footnotes":""},"class_list":["post-14","page","type-page","status-publish","hentry"],"acf":[],"yoast_head":"<!-- This site is optimized with the Yoast SEO plugin v27.5 - https:\/\/yoast.com\/product\/yoast-seo-wordpress\/ -->\n<title>Escrit\u00f3rios | Despachante aduaneiro<\/title>\n<meta name=\"description\" content=\"A SAO Brasil possui unidades estrat\u00e9gicas no Brasil, com escrit\u00f3rios em Campinas e Santos, al\u00e9m de uma unidade em Miami, nos Estados Unidos.\" \/>\n<meta name=\"robots\" content=\"index, follow, max-snippet:-1, max-image-preview:large, max-video-preview:-1\" \/>\n<link rel=\"canonical\" href=\"https:\/\/saobrasil.com.br\/escritorios\/\" \/>\n<meta property=\"og:locale\" content=\"en_US\" \/>\n<meta property=\"og:type\" content=\"article\" \/>\n<meta property=\"og:title\" content=\"Escrit\u00f3rios | Despachante aduaneiro\" \/>\n<meta property=\"og:description\" content=\"A SAO Brasil possui unidades estrat\u00e9gicas no Brasil, com escrit\u00f3rios em Campinas e Santos, al\u00e9m de uma unidade em Miami, nos Estados Unidos.\" \/>\n<meta property=\"og:url\" content=\"https:\/\/saobrasil.com.br\/escritorios\/\" \/>\n<meta property=\"og:site_name\" content=\"Despachante aduaneiro\" \/>\n<meta property=\"article:modified_time\" content=\"2026-03-18T18:33:33+00:00\" \/>\n<meta name=\"twitter:card\" content=\"summary_large_image\" \/>\n<script type=\"application\/ld+json\" class=\"yoast-schema-graph\">{\"@context\":\"https:\\\/\\\/schema.org\",\"@graph\":[{\"@type\":\"WebPage\",\"@id\":\"https:\\\/\\\/saobrasil.com.br\\\/escritorios\\\/\",\"url\":\"https:\\\/\\\/saobrasil.com.br\\\/escritorios\\\/\",\"name\":\"Escrit\u00f3rios | Despachante aduaneiro\",\"isPartOf\":{\"@id\":\"https:\\\/\\\/saobrasil.com.br\\\/#website\"},\"datePublished\":\"2022-12-28T17:15:54+00:00\",\"dateModified\":\"2026-03-18T18:33:33+00:00\",\"description\":\"A SAO Brasil possui unidades estrat\u00e9gicas no Brasil, com escrit\u00f3rios em Campinas e Santos, al\u00e9m de uma unidade em Miami, nos Estados Unidos.\",\"breadcrumb\":{\"@id\":\"https:\\\/\\\/saobrasil.com.br\\\/escritorios\\\/#breadcrumb\"},\"inLanguage\":\"en-US\",\"potentialAction\":[{\"@type\":\"ReadAction\",\"target\":[\"https:\\\/\\\/saobrasil.com.br\\\/escritorios\\\/\"]}]},{\"@type\":\"BreadcrumbList\",\"@id\":\"https:\\\/\\\/saobrasil.com.br\\\/escritorios\\\/#breadcrumb\",\"itemListElement\":[{\"@type\":\"ListItem\",\"position\":1,\"name\":\"In\u00edcio\",\"item\":\"https:\\\/\\\/saobrasil.com.br\\\/\"},{\"@type\":\"ListItem\",\"position\":2,\"name\":\"Escrit\u00f3rios\"}]},{\"@type\":\"WebSite\",\"@id\":\"https:\\\/\\\/saobrasil.com.br\\\/#website\",\"url\":\"https:\\\/\\\/saobrasil.com.br\\\/\",\"name\":\"Despachante aduaneiro\",\"description\":\"Despachante aduaneiro\",\"publisher\":{\"@id\":\"https:\\\/\\\/saobrasil.com.br\\\/#organization\"},\"potentialAction\":[{\"@type\":\"SearchAction\",\"target\":{\"@type\":\"EntryPoint\",\"urlTemplate\":\"https:\\\/\\\/saobrasil.com.br\\\/?s={search_term_string}\"},\"query-input\":{\"@type\":\"PropertyValueSpecification\",\"valueRequired\":true,\"valueName\":\"search_term_string\"}}],\"inLanguage\":\"en-US\"},{\"@type\":\"Organization\",\"@id\":\"https:\\\/\\\/saobrasil.com.br\\\/#organization\",\"name\":\"Despachante aduaneiro\",\"url\":\"https:\\\/\\\/saobrasil.com.br\\\/\",\"logo\":{\"@type\":\"ImageObject\",\"inLanguage\":\"en-US\",\"@id\":\"https:\\\/\\\/saobrasil.com.br\\\/#\\\/schema\\\/logo\\\/image\\\/\",\"url\":\"https:\\\/\\\/saobrasil.com.br\\\/wp-content\\\/uploads\\\/2022\\\/12\\\/favicon.png\",\"contentUrl\":\"https:\\\/\\\/saobrasil.com.br\\\/wp-content\\\/uploads\\\/2022\\\/12\\\/favicon.png\",\"width\":100,\"height\":100,\"caption\":\"Despachante aduaneiro\"},\"image\":{\"@id\":\"https:\\\/\\\/saobrasil.com.br\\\/#\\\/schema\\\/logo\\\/image\\\/\"}}]}<\/script>\n<!-- \/ Yoast SEO plugin. -->","yoast_head_json":{"title":"Escrit\u00f3rios | Despachante aduaneiro","description":"A SAO Brasil possui unidades estrat\u00e9gicas no Brasil, com escrit\u00f3rios em Campinas e Santos, al\u00e9m de uma unidade em Miami, nos Estados Unidos.","robots":{"index":"index","follow":"follow","max-snippet":"max-snippet:-1","max-image-preview":"max-image-preview:large","max-video-preview":"max-video-preview:-1"},"canonical":"https:\/\/saobrasil.com.br\/escritorios\/","og_locale":"en_US","og_type":"article","og_title":"Escrit\u00f3rios | Despachante aduaneiro","og_description":"A SAO Brasil possui unidades estrat\u00e9gicas no Brasil, com escrit\u00f3rios em Campinas e Santos, al\u00e9m de uma unidade em Miami, nos Estados Unidos.","og_url":"https:\/\/saobrasil.com.br\/escritorios\/","og_site_name":"Despachante aduaneiro","article_modified_time":"2026-03-18T18:33:33+00:00","twitter_card":"summary_large_image","schema":{"@context":"https:\/\/schema.org","@graph":[{"@type":"WebPage","@id":"https:\/\/saobrasil.com.br\/escritorios\/","url":"https:\/\/saobrasil.com.br\/escritorios\/","name":"Escrit\u00f3rios | Despachante aduaneiro","isPartOf":{"@id":"https:\/\/saobrasil.com.br\/#website"},"datePublished":"2022-12-28T17:15:54+00:00","dateModified":"2026-03-18T18:33:33+00:00","description":"A SAO Brasil possui unidades estrat\u00e9gicas no Brasil, com escrit\u00f3rios em Campinas e Santos, al\u00e9m de uma unidade em Miami, nos Estados Unidos.","breadcrumb":{"@id":"https:\/\/saobrasil.com.br\/escritorios\/#breadcrumb"},"inLanguage":"en-US","potentialAction":[{"@type":"ReadAction","target":["https:\/\/saobrasil.com.br\/escritorios\/"]}]},{"@type":"BreadcrumbList","@id":"https:\/\/saobrasil.com.br\/escritorios\/#breadcrumb","itemListElement":[{"@type":"ListItem","position":1,"name":"In\u00edcio","item":"https:\/\/saobrasil.com.br\/"},{"@type":"ListItem","position":2,"name":"Escrit\u00f3rios"}]},{"@type":"WebSite","@id":"https:\/\/saobrasil.com.br\/#website","url":"https:\/\/saobrasil.com.br\/","name":"Despachante aduaneiro","description":"Despachante aduaneiro","publisher":{"@id":"https:\/\/saobrasil.com.br\/#organization"},"potentialAction":[{"@type":"SearchAction","target":{"@type":"EntryPoint","urlTemplate":"https:\/\/saobrasil.com.br\/?s={search_term_string}"},"query-input":{"@type":"PropertyValueSpecification","valueRequired":true,"valueName":"search_term_string"}}],"inLanguage":"en-US"},{"@type":"Organization","@id":"https:\/\/saobrasil.com.br\/#organization","name":"Despachante aduaneiro","url":"https:\/\/saobrasil.com.br\/","logo":{"@type":"ImageObject","inLanguage":"en-US","@id":"https:\/\/saobrasil.com.br\/#\/schema\/logo\/image\/","url":"https:\/\/saobrasil.com.br\/wp-content\/uploads\/2022\/12\/favicon.png","contentUrl":"https:\/\/saobrasil.com.br\/wp-content\/uploads\/2022\/12\/favicon.png","width":100,"height":100,"caption":"Despachante aduaneiro"},"image":{"@id":"https:\/\/saobrasil.com.br\/#\/schema\/logo\/image\/"}}]}},"_links":{"self":[{"href":"https:\/\/saobrasil.com.br\/en\/wp-json\/wp\/v2\/pages\/14","targetHints":{"allow":["GET"]}}],"collection":[{"href":"https:\/\/saobrasil.com.br\/en\/wp-json\/wp\/v2\/pages"}],"about":[{"href":"https:\/\/saobrasil.com.br\/en\/wp-json\/wp\/v2\/types\/page"}],"author":[{"embeddable":true,"href":"https:\/\/saobrasil.com.br\/en\/wp-json\/wp\/v2\/users\/1"}],"replies":[{"embeddable":true,"href":"https:\/\/saobrasil.com.br\/en\/wp-json\/wp\/v2\/comments?post=14"}],"version-history":[{"count":0,"href":"https:\/\/saobrasil.com.br\/en\/wp-json\/wp\/v2\/pages\/14\/revisions"}],"wp:attachment":[{"href":"https:\/\/saobrasil.com.br\/en\/wp-json\/wp\/v2\/media?parent=14"}],"curies":[{"name":"wp","href":"https:\/\/api.w.org\/{rel}","templated":true}]}}