{"id":10,"date":"2022-12-26T17:33:43","date_gmt":"2022-12-26T17:33:43","guid":{"rendered":"https:\/\/sao.local\/?page_id=10"},"modified":"2026-03-30T17:31:43","modified_gmt":"2026-03-30T20:31:43","slug":"home","status":"publish","type":"page","link":"https:\/\/saobrasil.com.br\/en\/","title":{"rendered":"South America Overseas"},"content":{"rendered":"","protected":false},"excerpt":{"rendered":"","protected":false},"author":1,"featured_media":0,"parent":0,"menu_order":0,"comment_status":"closed","ping_status":"closed","template":"","meta":{"_acf_changed":false,"footnotes":""},"class_list":["post-10","page","type-page","status-publish","hentry"],"acf":[],"yoast_head":"<!-- This site is optimized with the Yoast SEO plugin v27.3 - https:\/\/yoast.com\/product\/yoast-seo-wordpress\/ -->\n<title>South America Overseas | Despachante aduaneiro<\/title>\n<meta name=\"description\" content=\"Log\u00edstica internacional com frete a\u00e9reo, mar\u00edtimo e desembara\u00e7o aduaneiro. Atendimento personalizado para empresas.\" \/>\n<meta name=\"robots\" content=\"index, follow, max-snippet:-1, max-image-preview:large, max-video-preview:-1\" \/>\n<link rel=\"canonical\" href=\"https:\/\/saobrasil.com.br\/\" \/>\n<meta property=\"og:locale\" content=\"en_US\" \/>\n<meta property=\"og:type\" content=\"article\" \/>\n<meta property=\"og:title\" content=\"South America Overseas | Despachante aduaneiro\" \/>\n<meta property=\"og:description\" content=\"Log\u00edstica internacional com frete a\u00e9reo, mar\u00edtimo e desembara\u00e7o aduaneiro. Atendimento personalizado para empresas.\" \/>\n<meta property=\"og:url\" content=\"https:\/\/saobrasil.com.br\/\" \/>\n<meta property=\"og:site_name\" content=\"Despachante aduaneiro\" \/>\n<meta property=\"article:modified_time\" content=\"2026-03-30T20:31:43+00:00\" \/>\n<meta name=\"twitter:card\" content=\"summary_large_image\" \/>\n<script type=\"application\/ld+json\" class=\"yoast-schema-graph\">{\"@context\":\"https:\\\/\\\/schema.org\",\"@graph\":[{\"@type\":\"WebPage\",\"@id\":\"https:\\\/\\\/saobrasil.com.br\\\/\",\"url\":\"https:\\\/\\\/saobrasil.com.br\\\/\",\"name\":\"South America Overseas | Despachante aduaneiro\",\"isPartOf\":{\"@id\":\"https:\\\/\\\/saobrasil.com.br\\\/#website\"},\"datePublished\":\"2022-12-26T17:33:43+00:00\",\"dateModified\":\"2026-03-30T20:31:43+00:00\",\"description\":\"Log\u00edstica internacional com frete a\u00e9reo, mar\u00edtimo e desembara\u00e7o aduaneiro. Atendimento personalizado para empresas.\",\"breadcrumb\":{\"@id\":\"https:\\\/\\\/saobrasil.com.br\\\/#breadcrumb\"},\"inLanguage\":\"en-US\",\"potentialAction\":[{\"@type\":\"ReadAction\",\"target\":[\"https:\\\/\\\/saobrasil.com.br\\\/\"]}]},{\"@type\":\"BreadcrumbList\",\"@id\":\"https:\\\/\\\/saobrasil.com.br\\\/#breadcrumb\",\"itemListElement\":[{\"@type\":\"ListItem\",\"position\":1,\"name\":\"In\u00edcio\",\"item\":\"https:\\\/\\\/saobrasil.com.br\\\/\"},{\"@type\":\"ListItem\",\"position\":2,\"name\":\"South America Overseas\"}]},{\"@type\":\"WebSite\",\"@id\":\"https:\\\/\\\/saobrasil.com.br\\\/#website\",\"url\":\"https:\\\/\\\/saobrasil.com.br\\\/\",\"name\":\"Despachante aduaneiro\",\"description\":\"Despachante aduaneiro\",\"publisher\":{\"@id\":\"https:\\\/\\\/saobrasil.com.br\\\/#organization\"},\"potentialAction\":[{\"@type\":\"SearchAction\",\"target\":{\"@type\":\"EntryPoint\",\"urlTemplate\":\"https:\\\/\\\/saobrasil.com.br\\\/?s={search_term_string}\"},\"query-input\":{\"@type\":\"PropertyValueSpecification\",\"valueRequired\":true,\"valueName\":\"search_term_string\"}}],\"inLanguage\":\"en-US\"},{\"@type\":\"Organization\",\"@id\":\"https:\\\/\\\/saobrasil.com.br\\\/#organization\",\"name\":\"Despachante aduaneiro\",\"url\":\"https:\\\/\\\/saobrasil.com.br\\\/\",\"logo\":{\"@type\":\"ImageObject\",\"inLanguage\":\"en-US\",\"@id\":\"https:\\\/\\\/saobrasil.com.br\\\/#\\\/schema\\\/logo\\\/image\\\/\",\"url\":\"https:\\\/\\\/saobrasil.com.br\\\/wp-content\\\/uploads\\\/2022\\\/12\\\/favicon.png\",\"contentUrl\":\"https:\\\/\\\/saobrasil.com.br\\\/wp-content\\\/uploads\\\/2022\\\/12\\\/favicon.png\",\"width\":100,\"height\":100,\"caption\":\"Despachante aduaneiro\"},\"image\":{\"@id\":\"https:\\\/\\\/saobrasil.com.br\\\/#\\\/schema\\\/logo\\\/image\\\/\"}}]}<\/script>\n<!-- \/ Yoast SEO plugin. -->","yoast_head_json":{"title":"South America Overseas | Despachante aduaneiro","description":"Log\u00edstica internacional com frete a\u00e9reo, mar\u00edtimo e desembara\u00e7o aduaneiro. Atendimento personalizado para empresas.","robots":{"index":"index","follow":"follow","max-snippet":"max-snippet:-1","max-image-preview":"max-image-preview:large","max-video-preview":"max-video-preview:-1"},"canonical":"https:\/\/saobrasil.com.br\/","og_locale":"en_US","og_type":"article","og_title":"South America Overseas | Despachante aduaneiro","og_description":"Log\u00edstica internacional com frete a\u00e9reo, mar\u00edtimo e desembara\u00e7o aduaneiro. Atendimento personalizado para empresas.","og_url":"https:\/\/saobrasil.com.br\/","og_site_name":"Despachante aduaneiro","article_modified_time":"2026-03-30T20:31:43+00:00","twitter_card":"summary_large_image","schema":{"@context":"https:\/\/schema.org","@graph":[{"@type":"WebPage","@id":"https:\/\/saobrasil.com.br\/","url":"https:\/\/saobrasil.com.br\/","name":"South America Overseas | Despachante aduaneiro","isPartOf":{"@id":"https:\/\/saobrasil.com.br\/#website"},"datePublished":"2022-12-26T17:33:43+00:00","dateModified":"2026-03-30T20:31:43+00:00","description":"Log\u00edstica internacional com frete a\u00e9reo, mar\u00edtimo e desembara\u00e7o aduaneiro. Atendimento personalizado para empresas.","breadcrumb":{"@id":"https:\/\/saobrasil.com.br\/#breadcrumb"},"inLanguage":"en-US","potentialAction":[{"@type":"ReadAction","target":["https:\/\/saobrasil.com.br\/"]}]},{"@type":"BreadcrumbList","@id":"https:\/\/saobrasil.com.br\/#breadcrumb","itemListElement":[{"@type":"ListItem","position":1,"name":"In\u00edcio","item":"https:\/\/saobrasil.com.br\/"},{"@type":"ListItem","position":2,"name":"South America Overseas"}]},{"@type":"WebSite","@id":"https:\/\/saobrasil.com.br\/#website","url":"https:\/\/saobrasil.com.br\/","name":"Despachante aduaneiro","description":"Despachante aduaneiro","publisher":{"@id":"https:\/\/saobrasil.com.br\/#organization"},"potentialAction":[{"@type":"SearchAction","target":{"@type":"EntryPoint","urlTemplate":"https:\/\/saobrasil.com.br\/?s={search_term_string}"},"query-input":{"@type":"PropertyValueSpecification","valueRequired":true,"valueName":"search_term_string"}}],"inLanguage":"en-US"},{"@type":"Organization","@id":"https:\/\/saobrasil.com.br\/#organization","name":"Despachante aduaneiro","url":"https:\/\/saobrasil.com.br\/","logo":{"@type":"ImageObject","inLanguage":"en-US","@id":"https:\/\/saobrasil.com.br\/#\/schema\/logo\/image\/","url":"https:\/\/saobrasil.com.br\/wp-content\/uploads\/2022\/12\/favicon.png","contentUrl":"https:\/\/saobrasil.com.br\/wp-content\/uploads\/2022\/12\/favicon.png","width":100,"height":100,"caption":"Despachante aduaneiro"},"image":{"@id":"https:\/\/saobrasil.com.br\/#\/schema\/logo\/image\/"}}]}},"_links":{"self":[{"href":"https:\/\/saobrasil.com.br\/en\/wp-json\/wp\/v2\/pages\/10","targetHints":{"allow":["GET"]}}],"collection":[{"href":"https:\/\/saobrasil.com.br\/en\/wp-json\/wp\/v2\/pages"}],"about":[{"href":"https:\/\/saobrasil.com.br\/en\/wp-json\/wp\/v2\/types\/page"}],"author":[{"embeddable":true,"href":"https:\/\/saobrasil.com.br\/en\/wp-json\/wp\/v2\/users\/1"}],"replies":[{"embeddable":true,"href":"https:\/\/saobrasil.com.br\/en\/wp-json\/wp\/v2\/comments?post=10"}],"version-history":[{"count":4,"href":"https:\/\/saobrasil.com.br\/en\/wp-json\/wp\/v2\/pages\/10\/revisions"}],"predecessor-version":[{"id":737,"href":"https:\/\/saobrasil.com.br\/en\/wp-json\/wp\/v2\/pages\/10\/revisions\/737"}],"wp:attachment":[{"href":"https:\/\/saobrasil.com.br\/en\/wp-json\/wp\/v2\/media?parent=10"}],"curies":[{"name":"wp","href":"https:\/\/api.w.org\/{rel}","templated":true}]}}